{"id":631,"date":"2020-08-27T00:23:41","date_gmt":"2020-08-27T00:23:41","guid":{"rendered":"https:\/\/bighearts.wgl-demo.net\/?page_id=631"},"modified":"2025-03-09T22:00:57","modified_gmt":"2025-03-09T22:00:57","slug":"portfolio-gallery","status":"publish","type":"page","link":"https:\/\/fundacionidpchile.cl\/?page_id=631","title":{"rendered":"Nuestra Galer\u00eda"},"content":{"rendered":"\t\t<div data-elementor-type=\"wp-page\" data-elementor-id=\"631\" class=\"elementor elementor-631\">\n\t\t\t\t\t\t<section class=\"elementor-section elementor-top-section elementor-element elementor-element-5b5486f elementor-section-boxed elementor-section-height-default elementor-section-height-default\" data-id=\"5b5486f\" data-element_type=\"section\">\n\t\t\t\t\t\t<div class=\"elementor-container elementor-column-gap-default\">\n\t\t\t\t\t<div class=\"elementor-column elementor-col-100 elementor-top-column elementor-element elementor-element-1f383b3\" data-id=\"1f383b3\" data-element_type=\"column\">\n\t\t\t<div class=\"elementor-widget-wrap elementor-element-populated\">\n\t\t\t\t\t\t<div class=\"elementor-element elementor-element-20a066c elementor-widget elementor-widget-spacer\" data-id=\"20a066c\" data-element_type=\"widget\" data-widget_type=\"spacer.default\">\n\t\t\t\t<div class=\"elementor-widget-container\">\n\t\t\t\t\t<div class=\"elementor-spacer\">\n\t\t\t<div class=\"elementor-spacer-inner\"><\/div>\n\t\t<\/div>\n\t\t\t\t<\/div>\n\t\t\t\t<\/div>\n\t\t\t\t\t<\/div>\n\t\t<\/div>\n\t\t\t\t\t<\/div>\n\t\t<\/section>\n\t\t\t\t<section class=\"elementor-section elementor-top-section elementor-element elementor-element-7fd52e8 elementor-section-boxed elementor-section-height-default elementor-section-height-default\" data-id=\"7fd52e8\" data-element_type=\"section\">\n\t\t\t\t\t\t<div class=\"elementor-container elementor-column-gap-default\">\n\t\t\t\t\t<div class=\"elementor-column elementor-col-100 elementor-top-column elementor-element elementor-element-c84c80c\" data-id=\"c84c80c\" data-element_type=\"column\">\n\t\t\t<div class=\"elementor-widget-wrap elementor-element-populated\">\n\t\t\t\t\t\t<div class=\"elementor-element elementor-element-8b883be acenter elementor-widget elementor-widget-wgl-double-headings\" data-id=\"8b883be\" data-element_type=\"widget\" data-widget_type=\"wgl-double-headings.default\">\n\t\t\t\t<div class=\"elementor-widget-container\">\n\t\t\t        <div class=\"wgl-double_heading\">                <div class=\"dbl__subtitle\"><span>NUESTRO PORTFOLIO<\/span>                <\/div><h3 class=\"dbl__title-wrapper\"><span class=\"dbl__title dbl-title_1\">Participaci\u00f3n Fundaci\u00f3n IDP Chile<\/span><\/h3>        <\/div>\t\t<\/div>\n\t\t\t\t<\/div>\n\t\t\t\t\t<\/div>\n\t\t<\/div>\n\t\t\t\t\t<\/div>\n\t\t<\/section>\n\t\t\t\t<section class=\"elementor-section elementor-top-section elementor-element elementor-element-e55d61b elementor-section-boxed elementor-section-height-default elementor-section-height-default\" data-id=\"e55d61b\" data-element_type=\"section\">\n\t\t\t\t\t\t<div class=\"elementor-container elementor-column-gap-default\">\n\t\t\t\t\t<div class=\"elementor-column elementor-col-100 elementor-top-column elementor-element elementor-element-838a03d\" data-id=\"838a03d\" data-element_type=\"column\">\n\t\t\t<div class=\"elementor-widget-wrap elementor-element-populated\">\n\t\t\t\t\t\t<div class=\"elementor-element elementor-element-f6d5672 elementor-widget elementor-widget-spacer\" data-id=\"f6d5672\" data-element_type=\"widget\" data-widget_type=\"spacer.default\">\n\t\t\t\t<div class=\"elementor-widget-container\">\n\t\t\t\t\t<div class=\"elementor-spacer\">\n\t\t\t<div class=\"elementor-spacer-inner\"><\/div>\n\t\t<\/div>\n\t\t\t\t<\/div>\n\t\t\t\t<\/div>\n\t\t\t\t\t<\/div>\n\t\t<\/div>\n\t\t\t\t\t<\/div>\n\t\t<\/section>\n\t\t\t\t<section class=\"elementor-section elementor-top-section elementor-element elementor-element-4da9b07 elementor-section-boxed elementor-section-height-default elementor-section-height-default\" data-id=\"4da9b07\" data-element_type=\"section\">\n\t\t\t\t\t\t<div class=\"elementor-container elementor-column-gap-default\">\n\t\t\t\t\t<div class=\"elementor-column elementor-col-100 elementor-top-column elementor-element elementor-element-5570dbd\" data-id=\"5570dbd\" data-element_type=\"column\">\n\t\t\t<div class=\"elementor-widget-wrap elementor-element-populated\">\n\t\t\t\t\t\t<div class=\"elementor-element elementor-element-5088769 elementor-widget__width-initial elementor-widget elementor-widget-text-editor\" data-id=\"5088769\" data-element_type=\"widget\" data-widget_type=\"text-editor.default\">\n\t\t\t\t<div class=\"elementor-widget-container\">\n\t\t\t\t\t\t\t<p>Nuestra fundaci\u00f3n ha participado en una amplia gama de eventos, desde encuentros nacionales hasta escenarios internacionales. Sum\u00e9rgete en nuestra galer\u00eda de fotos y descubre la diversidad de nuestras experiencias.<\/p>\t\t\t\t\t\t<\/div>\n\t\t\t\t<\/div>\n\t\t\t\t\t<\/div>\n\t\t<\/div>\n\t\t\t\t\t<\/div>\n\t\t<\/section>\n\t\t<div class=\"elementor-element elementor-element-54dc0bc e-grid e-con-boxed e-con e-parent\" data-id=\"54dc0bc\" data-element_type=\"container\">\n\t\t\t\t\t<div class=\"e-con-inner\">\n\t\t\t\t<div class=\"elementor-element elementor-element-7362070 elementor-widget elementor-widget-wp-widget-media_gallery\" data-id=\"7362070\" data-element_type=\"widget\" data-widget_type=\"wp-widget-media_gallery.default\">\n\t\t\t\t<div class=\"elementor-widget-container\">\n\t\t\t<div class=\"wgl-elementor-widget widget bighearts_widget widget_media_gallery\"><div class=\"title-wrapper\"><span class=\"title\">Conferencia M\u00e9xico<\/span><span class=\"title__line\"><\/span><\/div>\n\t\t<style type=\"text\/css\">\n\t\t\t#gallery-1 {\n\t\t\t\tmargin: auto;\n\t\t\t}\n\t\t\t#gallery-1 .gallery-item {\n\t\t\t\tfloat: left;\n\t\t\t\tmargin-top: 10px;\n\t\t\t\ttext-align: center;\n\t\t\t\twidth: 33%;\n\t\t\t}\n\t\t\t#gallery-1 img {\n\t\t\t\tborder: 2px solid #cfcfcf;\n\t\t\t}\n\t\t\t#gallery-1 .gallery-caption {\n\t\t\t\tmargin-left: 0;\n\t\t\t}\n\t\t\t\/* see gallery_shortcode() in wp-includes\/media.php *\/\n\t\t<\/style>\n\t\t<div id='gallery-1' class='gallery galleryid-631 gallery-columns-3 gallery-size-medium'><dl class='gallery-item'>\n\t\t\t<dt class='gallery-icon landscape'>\n\t\t\t\t<a data-elementor-open-lightbox=\"yes\" data-elementor-lightbox-slideshow=\"7362070\" data-elementor-lightbox-title=\"conferencia mexico 4\" data-e-action-hash=\"#elementor-action%3Aaction%3Dlightbox%26settings%3DeyJpZCI6MjMyNDIsInVybCI6Imh0dHBzOlwvXC9mdW5kYWNpb25pZHBjaGlsZS5jbFwvd3AtY29udGVudFwvdXBsb2Fkc1wvMjAyNVwvMDJcL2NvbmZlcmVuY2lhLW1leGljby00LmpwZyIsInNsaWRlc2hvdyI6IjczNjIwNzAifQ%3D%3D\" href='https:\/\/fundacionidpchile.cl\/?attachment_id=23242'><img fetchpriority=\"high\" decoding=\"async\" width=\"300\" height=\"225\" src=\"https:\/\/fundacionidpchile.cl\/wp-content\/uploads\/2025\/02\/conferencia-mexico-4-300x225.jpg\" class=\"attachment-medium size-medium\" alt=\"\" srcset=\"https:\/\/fundacionidpchile.cl\/wp-content\/uploads\/2025\/02\/conferencia-mexico-4-300x225.jpg 300w, https:\/\/fundacionidpchile.cl\/wp-content\/uploads\/2025\/02\/conferencia-mexico-4-1024x768.jpg 1024w, https:\/\/fundacionidpchile.cl\/wp-content\/uploads\/2025\/02\/conferencia-mexico-4-768x576.jpg 768w, https:\/\/fundacionidpchile.cl\/wp-content\/uploads\/2025\/02\/conferencia-mexico-4-1536x1152.jpg 1536w, https:\/\/fundacionidpchile.cl\/wp-content\/uploads\/2025\/02\/conferencia-mexico-4-1080x810.jpg 1080w, https:\/\/fundacionidpchile.cl\/wp-content\/uploads\/2025\/02\/conferencia-mexico-4.jpg 2048w\" sizes=\"(max-width: 300px) 100vw, 300px\" \/><\/a>\n\t\t\t<\/dt><\/dl><dl class='gallery-item'>\n\t\t\t<dt class='gallery-icon portrait'>\n\t\t\t\t<a data-elementor-open-lightbox=\"yes\" data-elementor-lightbox-slideshow=\"7362070\" data-elementor-lightbox-title=\"conferencia mexico 3\" data-e-action-hash=\"#elementor-action%3Aaction%3Dlightbox%26settings%3DeyJpZCI6MjMyNDEsInVybCI6Imh0dHBzOlwvXC9mdW5kYWNpb25pZHBjaGlsZS5jbFwvd3AtY29udGVudFwvdXBsb2Fkc1wvMjAyNVwvMDJcL2NvbmZlcmVuY2lhLW1leGljby0zLmpwZyIsInNsaWRlc2hvdyI6IjczNjIwNzAifQ%3D%3D\" href='https:\/\/fundacionidpchile.cl\/?attachment_id=23241'><img decoding=\"async\" width=\"225\" height=\"300\" src=\"https:\/\/fundacionidpchile.cl\/wp-content\/uploads\/2025\/02\/conferencia-mexico-3-225x300.jpg\" class=\"attachment-medium size-medium\" alt=\"\" srcset=\"https:\/\/fundacionidpchile.cl\/wp-content\/uploads\/2025\/02\/conferencia-mexico-3-225x300.jpg 225w, https:\/\/fundacionidpchile.cl\/wp-content\/uploads\/2025\/02\/conferencia-mexico-3-768x1024.jpg 768w, https:\/\/fundacionidpchile.cl\/wp-content\/uploads\/2025\/02\/conferencia-mexico-3-1152x1536.jpg 1152w, https:\/\/fundacionidpchile.cl\/wp-content\/uploads\/2025\/02\/conferencia-mexico-3-1080x1440.jpg 1080w, https:\/\/fundacionidpchile.cl\/wp-content\/uploads\/2025\/02\/conferencia-mexico-3.jpg 1536w\" sizes=\"(max-width: 225px) 100vw, 225px\" \/><\/a>\n\t\t\t<\/dt><\/dl><dl class='gallery-item'>\n\t\t\t<dt class='gallery-icon landscape'>\n\t\t\t\t<a data-elementor-open-lightbox=\"yes\" data-elementor-lightbox-slideshow=\"7362070\" data-elementor-lightbox-title=\"conferencia mexico 2\" data-e-action-hash=\"#elementor-action%3Aaction%3Dlightbox%26settings%3DeyJpZCI6MjMyNDAsInVybCI6Imh0dHBzOlwvXC9mdW5kYWNpb25pZHBjaGlsZS5jbFwvd3AtY29udGVudFwvdXBsb2Fkc1wvMjAyNVwvMDJcL2NvbmZlcmVuY2lhLW1leGljby0yLmpwZyIsInNsaWRlc2hvdyI6IjczNjIwNzAifQ%3D%3D\" href='https:\/\/fundacionidpchile.cl\/?attachment_id=23240'><img decoding=\"async\" width=\"300\" height=\"225\" src=\"https:\/\/fundacionidpchile.cl\/wp-content\/uploads\/2025\/02\/conferencia-mexico-2-300x225.jpg\" class=\"attachment-medium size-medium\" alt=\"\" srcset=\"https:\/\/fundacionidpchile.cl\/wp-content\/uploads\/2025\/02\/conferencia-mexico-2-300x225.jpg 300w, https:\/\/fundacionidpchile.cl\/wp-content\/uploads\/2025\/02\/conferencia-mexico-2-1024x768.jpg 1024w, https:\/\/fundacionidpchile.cl\/wp-content\/uploads\/2025\/02\/conferencia-mexico-2-768x576.jpg 768w, https:\/\/fundacionidpchile.cl\/wp-content\/uploads\/2025\/02\/conferencia-mexico-2-1536x1152.jpg 1536w, https:\/\/fundacionidpchile.cl\/wp-content\/uploads\/2025\/02\/conferencia-mexico-2-1080x810.jpg 1080w, https:\/\/fundacionidpchile.cl\/wp-content\/uploads\/2025\/02\/conferencia-mexico-2.jpg 2048w\" sizes=\"(max-width: 300px) 100vw, 300px\" \/><\/a>\n\t\t\t<\/dt><\/dl><br style=\"clear: both\" \/><dl class='gallery-item'>\n\t\t\t<dt class='gallery-icon portrait'>\n\t\t\t\t<a data-elementor-open-lightbox=\"yes\" data-elementor-lightbox-slideshow=\"7362070\" data-elementor-lightbox-title=\"M\u00e9xico\" data-e-action-hash=\"#elementor-action%3Aaction%3Dlightbox%26settings%3DeyJpZCI6MjMyMzksInVybCI6Imh0dHBzOlwvXC9mdW5kYWNpb25pZHBjaGlsZS5jbFwvd3AtY29udGVudFwvdXBsb2Fkc1wvMjAyNVwvMDJcL2NvbmZlcmVuY2lhLW1leGljby0xLmpwZyIsInNsaWRlc2hvdyI6IjczNjIwNzAifQ%3D%3D\" href='https:\/\/fundacionidpchile.cl\/?attachment_id=23239'><img loading=\"lazy\" decoding=\"async\" width=\"225\" height=\"300\" src=\"https:\/\/fundacionidpchile.cl\/wp-content\/uploads\/2025\/02\/conferencia-mexico-1-225x300.jpg\" class=\"attachment-medium size-medium\" alt=\"\" srcset=\"https:\/\/fundacionidpchile.cl\/wp-content\/uploads\/2025\/02\/conferencia-mexico-1-225x300.jpg 225w, https:\/\/fundacionidpchile.cl\/wp-content\/uploads\/2025\/02\/conferencia-mexico-1-768x1024.jpg 768w, https:\/\/fundacionidpchile.cl\/wp-content\/uploads\/2025\/02\/conferencia-mexico-1-1152x1536.jpg 1152w, https:\/\/fundacionidpchile.cl\/wp-content\/uploads\/2025\/02\/conferencia-mexico-1-1080x1440.jpg 1080w, https:\/\/fundacionidpchile.cl\/wp-content\/uploads\/2025\/02\/conferencia-mexico-1.jpg 1536w\" sizes=\"(max-width: 225px) 100vw, 225px\" \/><\/a>\n\t\t\t<\/dt><\/dl>\n\t\t\t<br style='clear: both' \/>\n\t\t<\/div>\n<\/div>\t\t<\/div>\n\t\t\t\t<\/div>\n\t\t\t\t<div class=\"elementor-element elementor-element-cacf83d elementor-widget elementor-widget-wp-widget-media_gallery\" data-id=\"cacf83d\" data-element_type=\"widget\" data-widget_type=\"wp-widget-media_gallery.default\">\n\t\t\t\t<div class=\"elementor-widget-container\">\n\t\t\t<div class=\"wgl-elementor-widget widget bighearts_widget widget_media_gallery\"><div class=\"title-wrapper\"><span class=\"title\">Conferencia Marsella &#8211; 2024<\/span><span class=\"title__line\"><\/span><\/div>\n\t\t<style type=\"text\/css\">\n\t\t\t#gallery-2 {\n\t\t\t\tmargin: auto;\n\t\t\t}\n\t\t\t#gallery-2 .gallery-item {\n\t\t\t\tfloat: left;\n\t\t\t\tmargin-top: 10px;\n\t\t\t\ttext-align: center;\n\t\t\t\twidth: 33%;\n\t\t\t}\n\t\t\t#gallery-2 img {\n\t\t\t\tborder: 2px solid #cfcfcf;\n\t\t\t}\n\t\t\t#gallery-2 .gallery-caption {\n\t\t\t\tmargin-left: 0;\n\t\t\t}\n\t\t\t\/* see gallery_shortcode() in wp-includes\/media.php *\/\n\t\t<\/style>\n\t\t<div id='gallery-2' class='gallery galleryid-631 gallery-columns-3 gallery-size-medium'><dl class='gallery-item'>\n\t\t\t<dt class='gallery-icon landscape'>\n\t\t\t\t<a data-elementor-open-lightbox=\"yes\" data-elementor-lightbox-slideshow=\"cacf83d\" data-elementor-lightbox-title=\"conferencia marsella 2024 octubre 2\" data-e-action-hash=\"#elementor-action%3Aaction%3Dlightbox%26settings%3DeyJpZCI6MjMxNDQsInVybCI6Imh0dHBzOlwvXC9mdW5kYWNpb25pZHBjaGlsZS5jbFwvd3AtY29udGVudFwvdXBsb2Fkc1wvMjAyNVwvMDJcL2NvbmZlcmVuY2lhLW1hcnNlbGxhLTIwMjQtb2N0dWJyZS0yLTEuanBnIiwic2xpZGVzaG93IjoiY2FjZjgzZCJ9\" href='https:\/\/fundacionidpchile.cl\/?attachment_id=23144'><img loading=\"lazy\" decoding=\"async\" width=\"300\" height=\"200\" src=\"https:\/\/fundacionidpchile.cl\/wp-content\/uploads\/2025\/02\/conferencia-marsella-2024-octubre-2-1-300x200.jpg\" class=\"attachment-medium size-medium\" alt=\"\" srcset=\"https:\/\/fundacionidpchile.cl\/wp-content\/uploads\/2025\/02\/conferencia-marsella-2024-octubre-2-1-300x200.jpg 300w, https:\/\/fundacionidpchile.cl\/wp-content\/uploads\/2025\/02\/conferencia-marsella-2024-octubre-2-1-1024x683.jpg 1024w, https:\/\/fundacionidpchile.cl\/wp-content\/uploads\/2025\/02\/conferencia-marsella-2024-octubre-2-1-768x512.jpg 768w, https:\/\/fundacionidpchile.cl\/wp-content\/uploads\/2025\/02\/conferencia-marsella-2024-octubre-2-1.jpg 1080w\" sizes=\"(max-width: 300px) 100vw, 300px\" \/><\/a>\n\t\t\t<\/dt><\/dl><dl class='gallery-item'>\n\t\t\t<dt class='gallery-icon landscape'>\n\t\t\t\t<a data-elementor-open-lightbox=\"yes\" data-elementor-lightbox-slideshow=\"cacf83d\" data-elementor-lightbox-title=\"conferencia marsella 2024 octubre 10\" data-e-action-hash=\"#elementor-action%3Aaction%3Dlightbox%26settings%3DeyJpZCI6MjMxNDMsInVybCI6Imh0dHBzOlwvXC9mdW5kYWNpb25pZHBjaGlsZS5jbFwvd3AtY29udGVudFwvdXBsb2Fkc1wvMjAyNVwvMDJcL2NvbmZlcmVuY2lhLW1hcnNlbGxhLTIwMjQtb2N0dWJyZS0xMC5qcGciLCJzbGlkZXNob3ciOiJjYWNmODNkIn0%3D\" href='https:\/\/fundacionidpchile.cl\/?attachment_id=23143'><img loading=\"lazy\" decoding=\"async\" width=\"300\" height=\"300\" src=\"https:\/\/fundacionidpchile.cl\/wp-content\/uploads\/2025\/02\/conferencia-marsella-2024-octubre-10-300x300.jpg\" class=\"attachment-medium size-medium\" alt=\"\" srcset=\"https:\/\/fundacionidpchile.cl\/wp-content\/uploads\/2025\/02\/conferencia-marsella-2024-octubre-10-300x300.jpg 300w, https:\/\/fundacionidpchile.cl\/wp-content\/uploads\/2025\/02\/conferencia-marsella-2024-octubre-10-1024x1024.jpg 1024w, https:\/\/fundacionidpchile.cl\/wp-content\/uploads\/2025\/02\/conferencia-marsella-2024-octubre-10-150x150.jpg 150w, https:\/\/fundacionidpchile.cl\/wp-content\/uploads\/2025\/02\/conferencia-marsella-2024-octubre-10-768x768.jpg 768w, https:\/\/fundacionidpchile.cl\/wp-content\/uploads\/2025\/02\/conferencia-marsella-2024-octubre-10-540x540.jpg 540w, https:\/\/fundacionidpchile.cl\/wp-content\/uploads\/2025\/02\/conferencia-marsella-2024-octubre-10-1080x1080.jpg 1080w, https:\/\/fundacionidpchile.cl\/wp-content\/uploads\/2025\/02\/conferencia-marsella-2024-octubre-10-240x240.jpg 240w, https:\/\/fundacionidpchile.cl\/wp-content\/uploads\/2025\/02\/conferencia-marsella-2024-octubre-10.jpg 1440w\" sizes=\"(max-width: 300px) 100vw, 300px\" \/><\/a>\n\t\t\t<\/dt><\/dl><dl class='gallery-item'>\n\t\t\t<dt class='gallery-icon landscape'>\n\t\t\t\t<a data-elementor-open-lightbox=\"yes\" data-elementor-lightbox-slideshow=\"cacf83d\" data-elementor-lightbox-title=\"Conferencia Marsella - 2024\" data-e-action-hash=\"#elementor-action%3Aaction%3Dlightbox%26settings%3DeyJpZCI6MjMxNDIsInVybCI6Imh0dHBzOlwvXC9mdW5kYWNpb25pZHBjaGlsZS5jbFwvd3AtY29udGVudFwvdXBsb2Fkc1wvMjAyNVwvMDJcL2NvbmZlcmVuY2lhLW1hcnNlbGxhLTIwMjQtb2N0dWJyZS00LmpwZyIsInNsaWRlc2hvdyI6ImNhY2Y4M2QifQ%3D%3D\" href='https:\/\/fundacionidpchile.cl\/?attachment_id=23142'><img loading=\"lazy\" decoding=\"async\" width=\"300\" height=\"163\" src=\"https:\/\/fundacionidpchile.cl\/wp-content\/uploads\/2025\/02\/conferencia-marsella-2024-octubre-4-300x163.jpg\" class=\"attachment-medium size-medium\" alt=\"\" srcset=\"https:\/\/fundacionidpchile.cl\/wp-content\/uploads\/2025\/02\/conferencia-marsella-2024-octubre-4-300x163.jpg 300w, https:\/\/fundacionidpchile.cl\/wp-content\/uploads\/2025\/02\/conferencia-marsella-2024-octubre-4-1024x555.jpg 1024w, https:\/\/fundacionidpchile.cl\/wp-content\/uploads\/2025\/02\/conferencia-marsella-2024-octubre-4-768x416.jpg 768w, https:\/\/fundacionidpchile.cl\/wp-content\/uploads\/2025\/02\/conferencia-marsella-2024-octubre-4.jpg 1080w\" sizes=\"(max-width: 300px) 100vw, 300px\" \/><\/a>\n\t\t\t<\/dt><\/dl><br style=\"clear: both\" \/>\n\t\t<\/div>\n<\/div>\t\t<\/div>\n\t\t\t\t<\/div>\n\t\t\t\t\t<\/div>\n\t\t\t\t<\/div>\n\t\t\t\t<section class=\"elementor-section elementor-top-section elementor-element elementor-element-dde022b elementor-section-full_width elementor-section-height-default elementor-section-height-default\" data-id=\"dde022b\" data-element_type=\"section\" data-settings=\"{&quot;background_background&quot;:&quot;classic&quot;}\">\n\t\t\t\t\t\t<div class=\"elementor-container elementor-column-gap-default\">\n\t\t\t\t\t<div class=\"elementor-column elementor-col-100 elementor-top-column elementor-element elementor-element-b3725aa\" data-id=\"b3725aa\" data-element_type=\"column\">\n\t\t\t<div class=\"elementor-widget-wrap elementor-element-populated\">\n\t\t\t\t\t\t<div class=\"elementor-element elementor-element-59e4f26 elementor-widget elementor-widget-spacer\" data-id=\"59e4f26\" data-element_type=\"widget\" data-widget_type=\"spacer.default\">\n\t\t\t\t<div class=\"elementor-widget-container\">\n\t\t\t\t\t<div class=\"elementor-spacer\">\n\t\t\t<div class=\"elementor-spacer-inner\"><\/div>\n\t\t<\/div>\n\t\t\t\t<\/div>\n\t\t\t\t<\/div>\n\t\t\t\t<div class=\"elementor-element elementor-element-fd8a1c2 elementor-widget elementor-widget-wgl-clients\" data-id=\"fd8a1c2\" data-element_type=\"widget\" data-widget_type=\"wgl-clients.default\">\n\t\t\t\t<div class=\"elementor-widget-container\">\n\t\t\t<div class=\"wgl-clients clearfix anim-ex_images_ver items-6\" data-carousel=\"yes\"><div class=\"wgl-carousel_wrapper\"><div class=\"wgl-carousel\"><div class=\"wgl-carousel_slick\" data-slick='{\"slidesToShow\":6,\"slidesToScroll\":1,\"infinite\":true,\"variableWidth\":false,\"autoplay\":true,\"autoplaySpeed\":\"3000\",\"speed\":300,\"arrows\":false,\"dots\":false,\"adaptiveHeight\":false,\"responsive\":[{\"breakpoint\":1170,\"settings\":{\"slidesToShow\":4,\"slidesToScroll\":1}},{\"breakpoint\":1025,\"settings\":{\"slidesToShow\":3,\"slidesToScroll\":1}},{\"breakpoint\":768,\"settings\":{\"slidesToShow\":1,\"slidesToScroll\":1}}]}'><div class=\"clients_image\"><div class=\"image_wrapper\"><img decoding=\"async\" class=\"carousel-img clients-img hover_image\" alt=\"ley\" src=\"https:\/\/fundacionidpchile.cl\/wp-content\/uploads\/2025\/01\/ley-2.png\" \/><img decoding=\"async\" class=\"carousel-img clients-img main_image\" alt=\"ley\" src=\"https:\/\/fundacionidpchile.cl\/wp-content\/uploads\/2025\/01\/ley-2.png\" \/><\/div><\/div><div class=\"clients_image\"><div class=\"image_wrapper\"><img decoding=\"async\" class=\"carousel-img clients-img hover_image\" alt=\"Jeffrey Modell Foundation logo\" src=\"https:\/\/fundacionidpchile.cl\/wp-content\/uploads\/2025\/01\/Jeffrey_Modell_Foundation_Logo.jpg\" \/><img decoding=\"async\" class=\"carousel-img clients-img main_image\" alt=\"Jeffrey Modell Foundation logo\" src=\"https:\/\/fundacionidpchile.cl\/wp-content\/uploads\/2025\/01\/Jeffrey_Modell_Foundation_Logo.jpg\" \/><\/div><\/div><div class=\"clients_image\"><div class=\"image_wrapper\"><img decoding=\"async\" class=\"carousel-img clients-img hover_image\" alt=\"ipopi\" src=\"https:\/\/fundacionidpchile.cl\/wp-content\/uploads\/2025\/01\/ipopi.jpg\" \/><img decoding=\"async\" class=\"carousel-img clients-img main_image\" alt=\"ipopi\" src=\"https:\/\/fundacionidpchile.cl\/wp-content\/uploads\/2025\/01\/ipopi.jpg\" \/><\/div><\/div><div class=\"clients_image\"><div class=\"image_wrapper\"><img decoding=\"async\" class=\"carousel-img clients-img hover_image\" alt=\"cenabast\" src=\"https:\/\/fundacionidpchile.cl\/wp-content\/uploads\/2025\/01\/cenabast.jpg\" \/><img decoding=\"async\" class=\"carousel-img clients-img main_image\" alt=\"cenabast\" src=\"https:\/\/fundacionidpchile.cl\/wp-content\/uploads\/2025\/01\/cenabast.jpg\" \/><\/div><\/div><div class=\"clients_image\"><div class=\"image_wrapper\"><img decoding=\"async\" class=\"carousel-img clients-img hover_image\" alt=\"fonasa-modified\" src=\"https:\/\/fundacionidpchile.cl\/wp-content\/uploads\/2025\/02\/fonasa-modified.jpg\" \/><img decoding=\"async\" class=\"carousel-img clients-img main_image\" alt=\"fonasa-modified\" src=\"https:\/\/fundacionidpchile.cl\/wp-content\/uploads\/2025\/02\/fonasa-modified.jpg\" \/><\/div><\/div><\/div><\/div><\/div><\/div>\t\t<\/div>\n\t\t\t\t<\/div>\n\t\t\t\t<div class=\"elementor-element elementor-element-0e78915 elementor-widget elementor-widget-spacer\" data-id=\"0e78915\" data-element_type=\"widget\" data-widget_type=\"spacer.default\">\n\t\t\t\t<div class=\"elementor-widget-container\">\n\t\t\t\t\t<div class=\"elementor-spacer\">\n\t\t\t<div class=\"elementor-spacer-inner\"><\/div>\n\t\t<\/div>\n\t\t\t\t<\/div>\n\t\t\t\t<\/div>\n\t\t\t\t\t<\/div>\n\t\t<\/div>\n\t\t\t\t\t<\/div>\n\t\t<\/section>\n\t\t\t\t<\/div>\n\t\t","protected":false},"excerpt":{"rendered":"<p>NUESTRO PORTFOLIO Participaci\u00f3n Fundaci\u00f3n IDP Chile Nuestra fundaci\u00f3n ha participado en una amplia gama de eventos, desde encuentros nacionales hasta escenarios internacionales. Sum\u00e9rgete en nuestra galer\u00eda de fotos y descubre la diversidad de nuestras experiencias.<\/p>\n","protected":false},"author":1,"featured_media":0,"parent":0,"menu_order":0,"comment_status":"closed","ping_status":"closed","template":"","meta":{"footnotes":""},"class_list":["post-631","page","type-page","status-publish","hentry"],"_links":{"self":[{"href":"https:\/\/fundacionidpchile.cl\/index.php?rest_route=\/wp\/v2\/pages\/631","targetHints":{"allow":["GET"]}}],"collection":[{"href":"https:\/\/fundacionidpchile.cl\/index.php?rest_route=\/wp\/v2\/pages"}],"about":[{"href":"https:\/\/fundacionidpchile.cl\/index.php?rest_route=\/wp\/v2\/types\/page"}],"author":[{"embeddable":true,"href":"https:\/\/fundacionidpchile.cl\/index.php?rest_route=\/wp\/v2\/users\/1"}],"replies":[{"embeddable":true,"href":"https:\/\/fundacionidpchile.cl\/index.php?rest_route=%2Fwp%2Fv2%2Fcomments&post=631"}],"version-history":[{"count":39,"href":"https:\/\/fundacionidpchile.cl\/index.php?rest_route=\/wp\/v2\/pages\/631\/revisions"}],"predecessor-version":[{"id":23313,"href":"https:\/\/fundacionidpchile.cl\/index.php?rest_route=\/wp\/v2\/pages\/631\/revisions\/23313"}],"wp:attachment":[{"href":"https:\/\/fundacionidpchile.cl\/index.php?rest_route=%2Fwp%2Fv2%2Fmedia&parent=631"}],"curies":[{"name":"wp","href":"https:\/\/api.w.org\/{rel}","templated":true}]}}